{"id":205956,"date":"2020-08-17T17:11:02","date_gmt":"2020-08-17T21:11:02","guid":{"rendered":"http:\/\/colossal-outfit.flywheelsites.com\/?page_id=205956"},"modified":"2020-08-18T12:11:32","modified_gmt":"2020-08-18T16:11:32","slug":"cafe-con-andres-webinar-episodios","status":"publish","type":"page","link":"https:\/\/cuatrocaminoscoffee.com\/zh\/cafe-con-andres-webinar-episodios\/","title":{"rendered":"Cafe Con Andres \u7db2\u7d61\u7814\u8a0e\u6703"},"content":{"rendered":"<p>[et_pb_section fb_built=&#8221;1&#8243; module_id=&#8221;header&#8221; _builder_version=&#8221;4.5.6&#8243; _module_preset=&#8221;default&#8221; background_enable_color=&#8221;off&#8221; background_image=&#8221;https:\/\/cuatrocaminoscoffee.com\/wp-content\/uploads\/2020\/08\/ci.png&#8221; parallax=&#8221;on&#8221; background_enable_video_mp4=&#8221;off&#8221; background_video_width=&#8221;1920&#8243; background_video_height=&#8221;1080&#8243; allow_player_pause=&#8221;on&#8221; custom_padding=&#8221;10vh||10vh||true|false&#8221;][et_pb_row _builder_version=&#8221;4.5.6&#8243; _module_preset=&#8221;default&#8221; positioning=&#8221;none&#8221; custom_margin=&#8221;-3px|auto||auto||&#8221;][et_pb_column type=&#8221;4_4&#8243; _builder_version=&#8221;4.5.6&#8243; _module_preset=&#8221;default&#8221; positioning=&#8221;none&#8221;][et_pb_image src=&#8221;https:\/\/cuatrocaminoscoffee.com\/wp-content\/uploads\/2020\/08\/4k-logo-website-200px-min.png&#8221; title_text=&#8221;4k-logo-website 200px min&#8221; _builder_version=&#8221;4.5.6&#8243; _module_preset=&#8221;default&#8221; positioning=&#8221;absolute&#8221; vertical_offset=&#8221;20px&#8221; horizontal_offset=&#8221;20px&#8221; z_index=&#8221;10&#8243; vertical_offset_tablet=&#8221;&#8221; vertical_offset_phone=&#8221;0px&#8221; vertical_offset_last_edited=&#8221;on|phone&#8221; horizontal_offset_tablet=&#8221;&#8221; horizontal_offset_phone=&#8221;100px&#8221; horizontal_offset_last_edited=&#8221;on|phone&#8221; width=&#8221;100%&#8221; custom_margin=&#8221;||||false|false&#8221; custom_padding=&#8221;|0px|9px||false|false&#8221;][\/et_pb_image][et_pb_text _builder_version=&#8221;4.5.6&#8243; _module_preset=&#8221;default&#8221; text_text_color=&#8221;#ffffff&#8221; text_font_size=&#8221;30px&#8221; header_font=&#8221;|600|||||||&#8221; header_text_align=&#8221;center&#8221; header_text_color=&#8221;#ffffff&#8221; header_font_size=&#8221;74px&#8221; text_orientation=&#8221;center&#8221; custom_margin_tablet=&#8221;&#8221; custom_margin_phone=&#8221;40px||||false|false&#8221; custom_margin_last_edited=&#8221;on|desktop&#8221; custom_padding=&#8221;0px||||false|false&#8221; custom_padding_tablet=&#8221;&#8221; custom_padding_phone=&#8221;121px||||false|false&#8221; custom_padding_last_edited=&#8221;on|phone&#8221; header_font_size_tablet=&#8221;&#8221; header_font_size_phone=&#8221;50px&#8221; header_font_size_last_edited=&#8221;on|phone&#8221;]<\/p>\n<h1>Caf\u00e9 Con Andres Webinar<\/h1>\n<p>Episodios disponibles<\/p>\n<p>&nbsp;<\/p>\n<p>[\/et_pb_text][\/et_pb_column][\/et_pb_row][\/et_pb_section][et_pb_section fb_built=&#8221;1&#8243; _builder_version=&#8221;4.5.6&#8243; _module_preset=&#8221;default&#8221; custom_padding=&#8221;10vh||10vh||true|false&#8221;][et_pb_row column_structure=&#8221;1_2,1_2&#8243; _builder_version=&#8221;4.5.6&#8243; _module_preset=&#8221;default&#8221;][et_pb_column type=&#8221;1_2&#8243; _builder_version=&#8221;4.5.6&#8243; _module_preset=&#8221;default&#8221;][et_pb_blurb use_icon=&#8221;on&#8221; font_icon=&#8221;%%129%%&#8221; icon_alignment=&#8221;left&#8221; content_max_width=&#8221;100%&#8221; use_icon_font_size=&#8221;on&#8221; icon_font_size=&#8221;41px&#8221; _builder_version=&#8221;4.5.6&#8243; _module_preset=&#8221;default&#8221; body_text_color=&#8221;#b51f2e&#8221; body_font_size=&#8221;20px&#8221; module_alignment=&#8221;left&#8221; custom_margin=&#8221;||0px||false|false&#8221; custom_padding=&#8221;||0px||false|false&#8221; custom_css_blurb_title=&#8221;display:none;&#8221; border_color_left=&#8221;rgba(181,31,46,0.74)&#8221; border_style_left=&#8221;none&#8221;][\/et_pb_blurb][et_pb_text _builder_version=&#8221;4.5.6&#8243; _module_preset=&#8221;default&#8221; header_text_color=&#8221;#000000&#8243; header_font_size=&#8221;39px&#8221; custom_margin=&#8221;||5px|||&#8221;]<\/p>\n<h1><span style=\"color: #b51f2e;\">Episodio 1.<\/span><\/h1>\n<p>[\/et_pb_text][et_pb_text _builder_version=&#8221;4.5.6&#8243; _module_preset=&#8221;default&#8221; header_text_color=&#8221;#000000&#8243; custom_margin=&#8221;||18px|||&#8221;]<\/p>\n<h1><span style=\"font-size: 48px;\">Hablemos de Procesos Naturales del Caf\u00e9<\/span><\/h1>\n<p>[\/et_pb_text][et_pb_text _builder_version=&#8221;4.5.6&#8243; _module_preset=&#8221;default&#8221; text_font_size=&#8221;20px&#8221; text_orientation=&#8221;justified&#8221;]<\/p>\n<p>En nuestro primer Webinar &#8220;Caf\u00e9 con Andr\u00e9s&#8221; conocer\u00e1s de la mano de nuestro experto en caf\u00e9 y Gerente General Andr\u00e9s L\u00f3pez, un poco m\u00e1s del proceso natural, con \u00e9nfasis en el secado est\u00e1tico para naturales.<\/p>\n<p>[\/et_pb_text][\/et_pb_column][et_pb_column type=&#8221;1_2&#8243; _builder_version=&#8221;4.5.6&#8243; _module_preset=&#8221;default&#8221;][et_pb_text _builder_version=&#8221;4.5.6&#8243; _module_preset=&#8221;default&#8221; custom_margin=&#8221;50px||||false|false&#8221; custom_padding=&#8221;||||false|false&#8221; box_shadow_style=&#8221;preset3&#8243;]<\/p>\n<style>.embed-container { position: relative; padding-bottom: 56.25%; height: 0; overflow: hidden; max-width: 100%; } .embed-container iframe, .embed-container object, .embed-container embed { position: absolute; top: 0; left: 0; width: 100%; height: 100%; }<\/style>\n<div class='embed-container'><iframe src='https:\/\/www.youtube.com\/embed\/GceWVtMJuzQ' frameborder='0' allowfullscreen><\/iframe><\/div>\n<p>[\/et_pb_text][et_pb_button button_url=&#8221;#header&#8221; button_text=&#8221;\u00danete a nuestro pr\u00f3ximo Webinar&#8221; button_alignment=&#8221;left&#8221; _builder_version=&#8221;4.5.6&#8243; _module_preset=&#8221;default&#8221; custom_button=&#8221;on&#8221; button_text_color=&#8221;#ffffff&#8221; button_bg_color=&#8221;#b51f2e&#8221; button_border_width=&#8221;1px&#8221; button_border_radius=&#8221;4px&#8221; button_letter_spacing=&#8221;3px&#8221;][\/et_pb_button][\/et_pb_column][\/et_pb_row][\/et_pb_section]<\/p>\n","protected":false},"excerpt":{"rendered":"<p>Caf\u00e9 Con Andres Webinar Episodios disponibles &nbsp;Episodio 1.Hablemos de Procesos Naturales del Caf\u00e9En nuestro primer Webinar &#8220;Caf\u00e9 con Andr\u00e9s&#8221; conocer\u00e1s de la mano de nuestro experto en caf\u00e9 y Gerente General Andr\u00e9s L\u00f3pez, un poco m\u00e1s del proceso natural, con \u00e9nfasis en el secado est\u00e1tico para naturales.<\/p>","protected":false},"author":11,"featured_media":0,"parent":0,"menu_order":62,"comment_status":"closed","ping_status":"closed","template":"","meta":{"_acf_changed":false,"_et_pb_use_builder":"on","_et_pb_old_content":"","_et_gb_content_width":"","footnotes":""},"class_list":["post-205956","page","type-page","status-publish","hentry"],"acf":[],"_links":{"self":[{"href":"https:\/\/cuatrocaminoscoffee.com\/zh\/wp-json\/wp\/v2\/pages\/205956","targetHints":{"allow":["GET"]}}],"collection":[{"href":"https:\/\/cuatrocaminoscoffee.com\/zh\/wp-json\/wp\/v2\/pages"}],"about":[{"href":"https:\/\/cuatrocaminoscoffee.com\/zh\/wp-json\/wp\/v2\/types\/page"}],"author":[{"embeddable":true,"href":"https:\/\/cuatrocaminoscoffee.com\/zh\/wp-json\/wp\/v2\/users\/11"}],"replies":[{"embeddable":true,"href":"https:\/\/cuatrocaminoscoffee.com\/zh\/wp-json\/wp\/v2\/comments?post=205956"}],"version-history":[{"count":3,"href":"https:\/\/cuatrocaminoscoffee.com\/zh\/wp-json\/wp\/v2\/pages\/205956\/revisions"}],"predecessor-version":[{"id":205992,"href":"https:\/\/cuatrocaminoscoffee.com\/zh\/wp-json\/wp\/v2\/pages\/205956\/revisions\/205992"}],"wp:attachment":[{"href":"https:\/\/cuatrocaminoscoffee.com\/zh\/wp-json\/wp\/v2\/media?parent=205956"}],"curies":[{"name":"wp","href":"https:\/\/api.w.org\/{rel}","templated":true}]}}